{"id":9,"date":"2024-08-24T00:51:09","date_gmt":"2024-08-23T22:51:09","guid":{"rendered":"http:\/\/localhost\/?page_id=9"},"modified":"2025-02-09T21:34:58","modified_gmt":"2025-02-09T20:34:58","slug":"accueil","status":"publish","type":"page","link":"https:\/\/highfivesmc.fr\/","title":{"rendered":"High Five SMC | CBD SHOP Saint Martin De Crau"},"content":{"rendered":"\n<p class=\"has-text-align-left\"><br><img loading=\"lazy\" decoding=\"async\" width=\"150\" height=\"150\" class=\"wp-image-76\" style=\"width: 150px;\" src=\"https:\/\/highfivesmc.fr\/wp-content\/uploads\/2024\/08\/cropped-logoweb-2.png\" alt=\"logo high five cbd web\" srcset=\"https:\/\/highfivesmc.fr\/wp-content\/uploads\/2024\/08\/cropped-logoweb-2.png 512w, https:\/\/highfivesmc.fr\/wp-content\/uploads\/2024\/08\/cropped-logoweb-2-300x300.png 300w, https:\/\/highfivesmc.fr\/wp-content\/uploads\/2024\/08\/cropped-logoweb-2-150x150.png 150w, https:\/\/highfivesmc.fr\/wp-content\/uploads\/2024\/08\/cropped-logoweb-2-100x100.png 100w, https:\/\/highfivesmc.fr\/wp-content\/uploads\/2024\/08\/cropped-logoweb-2-270x270.png 270w, https:\/\/highfivesmc.fr\/wp-content\/uploads\/2024\/08\/cropped-logoweb-2-192x192.png 192w, https:\/\/highfivesmc.fr\/wp-content\/uploads\/2024\/08\/cropped-logoweb-2-180x180.png 180w, https:\/\/highfivesmc.fr\/wp-content\/uploads\/2024\/08\/cropped-logoweb-2-32x32.png 32w\" sizes=\"auto, (max-width: 150px) 100vw, 150px\" \/><br><strong>Bienvenue chez <a href=\"https:\/\/www.highfivecbd.fr\" title=\"High Five CBD\">High Five CBD<\/a> Saint Martin de Crau !<\/strong><\/p>\n\n\n\n<p class=\"has-text-align-left\">Nous sommes <strong>passionn\u00e9s<\/strong> par le bien-\u00eatre. Notre mission est de vous offrir des <strong>produits de CBD de haute qualit\u00e9<\/strong> pour am\u00e9liorer votre quotidien.<br>Ainsi, notre objectif est d&rsquo;am\u00e9liorer votre quotidien gr\u00e2ce \u00e0 des solutions naturelles et efficaces.<\/p>\n\n\n\n<p class=\"has-text-align-left\">Situ\u00e9s \u00e0 <strong>Saint Martin de Crau<\/strong>, nous vous proposons une large gamme de produits \u00e0 base de CBD, soigneusement s\u00e9lectionn\u00e9s pour r\u00e9pondre \u00e0 tous vos besoins et pr\u00e9f\u00e9rences. Que vous recherchiez des <strong>fleurs, r\u00e9sines, huiles, infusions, e-liquides, bonbons, cookies, boissons, cosm\u00e9tiques, produits param\u00e9dicaux ou accessoires<\/strong>, vous trouverez forc\u00e9ment ce qui vous convient.<\/p>\n\n\n\n<h3 class=\"wp-block-heading has-text-align-left\"><strong><a href=\"https:\/\/highfivesmc.fr\/index.php\/a-propos-de\/\" title=\"Pourquoi nous choisir ?\">Pourquoi nous choisir ?<\/a><\/strong><\/h3>\n\n\n\n<p class=\"has-text-align-left\">Chez <strong><a href=\"https:\/\/highfivesmc.fr\" title=\"High Five SMC\">High Five SMC<\/a><\/strong>, la qualit\u00e9 et la <strong><a href=\"https:\/\/highfivesmc.fr\/index.php\/transparence\/\" title=\"\">transparence<\/a><\/strong> sont nos priorit\u00e9s. C\u2019est pourquoi nous nous engageons \u00e0 vous offrir des produits rigoureusement contr\u00f4l\u00e9s, tout en respectant scrupuleusement la r\u00e9glementation en vigueur.<\/p>\n\n\n\n<p class=\"has-text-align-left\">Mais ce n\u2019est pas tout ! Nous sommes \u00e9galement <a href=\"https:\/\/highfivesmc.fr\/index.php\/contact\/\" title=\"\"><strong>\u00e0 votre \u00e9coute<\/strong><\/a> pour vous conseiller et vous accompagner dans le choix des produits les mieux adapt\u00e9s \u00e0 vos attentes.<\/p>\n\n\n\n<p><\/p>\n","protected":false},"excerpt":{"rendered":"<p>Bienvenue chez High Five CBD Saint Martin de Crau ! Nous sommes passionn\u00e9s par le bien-\u00eatre. Notre mission est de vous offrir des produits de CBD de haute qualit\u00e9 pour am\u00e9liorer votre quotidien.Ainsi, notre objectif est d&rsquo;am\u00e9liorer votre quotidien gr\u00e2ce \u00e0 des solutions naturelles et efficaces. Situ\u00e9s \u00e0 Saint Martin de Crau, nous vous proposons &hellip; <\/p>\n<p class=\"link-more\"><a href=\"https:\/\/highfivesmc.fr\/\" class=\"more-link\">Continuer la lecture<span class=\"screen-reader-text\"> de &laquo;&nbsp;High Five SMC | CBD SHOP Saint Martin De Crau&nbsp;&raquo;<\/span><\/a><\/p>\n","protected":false},"author":1,"featured_media":0,"parent":0,"menu_order":0,"comment_status":"closed","ping_status":"closed","template":"","meta":{"footnotes":""},"class_list":["post-9","page","type-page","status-publish","hentry"],"_links":{"self":[{"href":"https:\/\/highfivesmc.fr\/index.php\/wp-json\/wp\/v2\/pages\/9","targetHints":{"allow":["GET"]}}],"collection":[{"href":"https:\/\/highfivesmc.fr\/index.php\/wp-json\/wp\/v2\/pages"}],"about":[{"href":"https:\/\/highfivesmc.fr\/index.php\/wp-json\/wp\/v2\/types\/page"}],"author":[{"embeddable":true,"href":"https:\/\/highfivesmc.fr\/index.php\/wp-json\/wp\/v2\/users\/1"}],"replies":[{"embeddable":true,"href":"https:\/\/highfivesmc.fr\/index.php\/wp-json\/wp\/v2\/comments?post=9"}],"version-history":[{"count":15,"href":"https:\/\/highfivesmc.fr\/index.php\/wp-json\/wp\/v2\/pages\/9\/revisions"}],"predecessor-version":[{"id":291,"href":"https:\/\/highfivesmc.fr\/index.php\/wp-json\/wp\/v2\/pages\/9\/revisions\/291"}],"wp:attachment":[{"href":"https:\/\/highfivesmc.fr\/index.php\/wp-json\/wp\/v2\/media?parent=9"}],"curies":[{"name":"wp","href":"https:\/\/api.w.org\/{rel}","templated":true}]}}